{"id":3417,"date":"2021-08-19T13:00:02","date_gmt":"2021-08-19T13:00:02","guid":{"rendered":"http:\/\/mateja-online.pl\/sklep\/?post_type=product&#038;p=3417"},"modified":"2021-08-19T13:00:02","modified_gmt":"2021-08-19T13:00:02","slug":"sruba-szesciokatna-klasa-8-8-din-933-ocynkowana-galwanicznie","status":"publish","type":"product","link":"https:\/\/mateja-online.pl\/sklep\/produkt\/sruba-szesciokatna-klasa-8-8-din-933-ocynkowana-galwanicznie\/","title":{"rendered":"\u015aruba sze\u015bciok\u0105tna klasa 8.8 DIN 933 ocynkowana galwanicznie"},"content":{"rendered":"","protected":false},"excerpt":{"rendered":"","protected":false},"featured_media":3418,"template":"","meta":[],"product_brand":[],"product_cat":[54],"product_tag":[],"class_list":{"0":"post-3417","1":"product","2":"type-product","3":"status-publish","4":"has-post-thumbnail","6":"product_cat-sruby-z-lbem-szesciokatnym","7":"align-left","8":"box-shadow-0","9":"box-shadow-0-hover","10":"ast-product-gallery-layout-horizontal","11":"ast-product-gallery-with-no-image","12":"ast-product-tabs-layout-horizontal","14":"first","15":"instock","16":"shipping-taxable","17":"product-type-simple"},"_links":{"self":[{"href":"https:\/\/mateja-online.pl\/sklep\/wp-json\/wp\/v2\/product\/3417","targetHints":{"allow":["GET"]}}],"collection":[{"href":"https:\/\/mateja-online.pl\/sklep\/wp-json\/wp\/v2\/product"}],"about":[{"href":"https:\/\/mateja-online.pl\/sklep\/wp-json\/wp\/v2\/types\/product"}],"version-history":[{"count":2,"href":"https:\/\/mateja-online.pl\/sklep\/wp-json\/wp\/v2\/product\/3417\/revisions"}],"predecessor-version":[{"id":3424,"href":"https:\/\/mateja-online.pl\/sklep\/wp-json\/wp\/v2\/product\/3417\/revisions\/3424"}],"wp:featuredmedia":[{"embeddable":true,"href":"https:\/\/mateja-online.pl\/sklep\/wp-json\/wp\/v2\/media\/3418"}],"wp:attachment":[{"href":"https:\/\/mateja-online.pl\/sklep\/wp-json\/wp\/v2\/media?parent=3417"}],"wp:term":[{"taxonomy":"product_brand","embeddable":true,"href":"https:\/\/mateja-online.pl\/sklep\/wp-json\/wp\/v2\/product_brand?post=3417"},{"taxonomy":"product_cat","embeddable":true,"href":"https:\/\/mateja-online.pl\/sklep\/wp-json\/wp\/v2\/product_cat?post=3417"},{"taxonomy":"product_tag","embeddable":true,"href":"https:\/\/mateja-online.pl\/sklep\/wp-json\/wp\/v2\/product_tag?post=3417"}],"curies":[{"name":"wp","href":"https:\/\/api.w.org\/{rel}","templated":true}]}}