{"id":3411,"date":"2021-08-19T12:57:25","date_gmt":"2021-08-19T12:57:25","guid":{"rendered":"http:\/\/mateja-online.pl\/sklep\/?post_type=product&#038;p=3411"},"modified":"2021-08-19T12:58:06","modified_gmt":"2021-08-19T12:58:06","slug":"sruba-szesciokatna-klasa-5-8-din-931-ocynkowana-galwanicznie","status":"publish","type":"product","link":"https:\/\/mateja-online.pl\/sklep\/produkt\/sruba-szesciokatna-klasa-5-8-din-931-ocynkowana-galwanicznie\/","title":{"rendered":"\u015aruba sze\u015bciok\u0105tna klasa 5.8 DIN 931 ocynkowana galwanicznie"},"content":{"rendered":"","protected":false},"excerpt":{"rendered":"","protected":false},"featured_media":3412,"template":"","meta":[],"product_brand":[],"product_cat":[54],"product_tag":[],"class_list":{"0":"post-3411","1":"product","2":"type-product","3":"status-publish","4":"has-post-thumbnail","6":"product_cat-sruby-z-lbem-szesciokatnym","7":"align-left","8":"box-shadow-0","9":"box-shadow-0-hover","10":"ast-product-gallery-layout-horizontal","11":"ast-product-tabs-layout-horizontal","13":"first","14":"instock","15":"shipping-taxable","16":"product-type-simple"},"_links":{"self":[{"href":"https:\/\/mateja-online.pl\/sklep\/wp-json\/wp\/v2\/product\/3411","targetHints":{"allow":["GET"]}}],"collection":[{"href":"https:\/\/mateja-online.pl\/sklep\/wp-json\/wp\/v2\/product"}],"about":[{"href":"https:\/\/mateja-online.pl\/sklep\/wp-json\/wp\/v2\/types\/product"}],"version-history":[{"count":2,"href":"https:\/\/mateja-online.pl\/sklep\/wp-json\/wp\/v2\/product\/3411\/revisions"}],"predecessor-version":[{"id":3415,"href":"https:\/\/mateja-online.pl\/sklep\/wp-json\/wp\/v2\/product\/3411\/revisions\/3415"}],"wp:featuredmedia":[{"embeddable":true,"href":"https:\/\/mateja-online.pl\/sklep\/wp-json\/wp\/v2\/media\/3412"}],"wp:attachment":[{"href":"https:\/\/mateja-online.pl\/sklep\/wp-json\/wp\/v2\/media?parent=3411"}],"wp:term":[{"taxonomy":"product_brand","embeddable":true,"href":"https:\/\/mateja-online.pl\/sklep\/wp-json\/wp\/v2\/product_brand?post=3411"},{"taxonomy":"product_cat","embeddable":true,"href":"https:\/\/mateja-online.pl\/sklep\/wp-json\/wp\/v2\/product_cat?post=3411"},{"taxonomy":"product_tag","embeddable":true,"href":"https:\/\/mateja-online.pl\/sklep\/wp-json\/wp\/v2\/product_tag?post=3411"}],"curies":[{"name":"wp","href":"https:\/\/api.w.org\/{rel}","templated":true}]}}