{"id":3344,"date":"2021-08-19T11:44:18","date_gmt":"2021-08-19T11:44:18","guid":{"rendered":"http:\/\/mateja-online.pl\/sklep\/?post_type=product&#038;p=3344"},"modified":"2021-08-19T11:45:17","modified_gmt":"2021-08-19T11:45:17","slug":"kotwa-chemiczna-vinylestrowa-do-wysokich-obciazen-300ml","status":"publish","type":"product","link":"https:\/\/mateja-online.pl\/sklep\/produkt\/kotwa-chemiczna-vinylestrowa-do-wysokich-obciazen-300ml\/","title":{"rendered":"Kotwa chemiczna Vinylestrowa do wysokich obci\u0105\u017ce\u0144 &#8211; 300ml"},"content":{"rendered":"<p>S-IRV Kotwa chemiczna Vinylester, bez styrenu.<br \/>\nDo ka\u017cdego kartrid\u017ca do\u0142\u0105czone s\u0105 2 mixery.<\/p>\n<p>S-IRV to kotwa vinylestrowa o wysokiej wydajno\u015bci z doskona\u0142ymi osi\u0105gami przy kotwieniu w betonie oraz betonie zbrojeniowym.<\/p>\n<p>Zalety:<\/p>\n<ul>\n<li>\u0141atwy monta\u017c<\/li>\n<li>Uniwersalna tuba do u\u017cycia ze standardowym pistoletem<\/li>\n<li>Cz\u0119\u015bciowo opr\u00f3\u017cniona tuba mo\u017ce by\u0107 u\u017cyta ponownie, wystarczy zamieni\u0107 mieszalnik na nowy<\/li>\n<li>Bez styrenu, nie podra\u017cnia dr\u00f3g oddechowych<\/li>\n<li>ETA opcja 1 do zastosowania w betonie sp\u0119kanym<\/li>\n<\/ul>\n","protected":false},"excerpt":{"rendered":"<p>S-IRV Kotwa chemiczna Vinylester, bez styrenu. Do ka\u017cdego kartrid\u017ca do\u0142\u0105czone s\u0105 2 mixery. S-IRV to kotwa vinylestrowa o wysokiej wydajno\u015bci z doskona\u0142ymi osi\u0105gami przy kotwieniu w betonie oraz betonie zbrojeniowym. Zalety: \u0141atwy monta\u017c Uniwersalna tuba do u\u017cycia ze standardowym pistoletem Cz\u0119\u015bciowo opr\u00f3\u017cniona tuba mo\u017ce by\u0107 u\u017cyta ponownie, wystarczy zamieni\u0107 mieszalnik na nowy Bez styrenu, nie &hellip;<\/p>\n<p class=\"read-more\"> <a class=\"\" href=\"https:\/\/mateja-online.pl\/sklep\/produkt\/kotwa-chemiczna-vinylestrowa-do-wysokich-obciazen-300ml\/\"> <span class=\"screen-reader-text\">Kotwa chemiczna Vinylestrowa do wysokich obci\u0105\u017ce\u0144 &#8211; 300ml<\/span> Read More &raquo;<\/a><\/p>\n","protected":false},"featured_media":3345,"template":"","meta":[],"product_brand":[],"product_cat":[60],"product_tag":[],"class_list":{"0":"post-3344","1":"product","2":"type-product","3":"status-publish","4":"has-post-thumbnail","6":"product_cat-kotwy-chemiczne","7":"align-left","8":"box-shadow-0","9":"box-shadow-0-hover","10":"ast-product-gallery-layout-horizontal","11":"ast-product-tabs-layout-horizontal","13":"first","14":"instock","15":"shipping-taxable","16":"product-type-simple"},"_links":{"self":[{"href":"https:\/\/mateja-online.pl\/sklep\/wp-json\/wp\/v2\/product\/3344","targetHints":{"allow":["GET"]}}],"collection":[{"href":"https:\/\/mateja-online.pl\/sklep\/wp-json\/wp\/v2\/product"}],"about":[{"href":"https:\/\/mateja-online.pl\/sklep\/wp-json\/wp\/v2\/types\/product"}],"version-history":[{"count":1,"href":"https:\/\/mateja-online.pl\/sklep\/wp-json\/wp\/v2\/product\/3344\/revisions"}],"predecessor-version":[{"id":3346,"href":"https:\/\/mateja-online.pl\/sklep\/wp-json\/wp\/v2\/product\/3344\/revisions\/3346"}],"wp:featuredmedia":[{"embeddable":true,"href":"https:\/\/mateja-online.pl\/sklep\/wp-json\/wp\/v2\/media\/3345"}],"wp:attachment":[{"href":"https:\/\/mateja-online.pl\/sklep\/wp-json\/wp\/v2\/media?parent=3344"}],"wp:term":[{"taxonomy":"product_brand","embeddable":true,"href":"https:\/\/mateja-online.pl\/sklep\/wp-json\/wp\/v2\/product_brand?post=3344"},{"taxonomy":"product_cat","embeddable":true,"href":"https:\/\/mateja-online.pl\/sklep\/wp-json\/wp\/v2\/product_cat?post=3344"},{"taxonomy":"product_tag","embeddable":true,"href":"https:\/\/mateja-online.pl\/sklep\/wp-json\/wp\/v2\/product_tag?post=3344"}],"curies":[{"name":"wp","href":"https:\/\/api.w.org\/{rel}","templated":true}]}}