{"id":3160,"date":"2021-08-19T09:48:57","date_gmt":"2021-08-19T09:48:57","guid":{"rendered":"http:\/\/mateja-online.pl\/sklep\/?post_type=product&#038;p=3160"},"modified":"2021-08-19T09:48:57","modified_gmt":"2021-08-19T09:48:57","slug":"klodki-mosiezne","status":"publish","type":"product","link":"https:\/\/mateja-online.pl\/sklep\/produkt\/klodki-mosiezne\/","title":{"rendered":"K\u0142\u00f3dki mosi\u0119\u017cne"},"content":{"rendered":"","protected":false},"excerpt":{"rendered":"","protected":false},"featured_media":3161,"template":"","meta":[],"product_brand":[],"product_cat":[53],"product_tag":[],"class_list":{"0":"post-3160","1":"product","2":"type-product","3":"status-publish","4":"has-post-thumbnail","6":"product_cat-inne","7":"align-left","8":"box-shadow-0","9":"box-shadow-0-hover","10":"ast-product-gallery-layout-horizontal","11":"ast-product-gallery-with-no-image","12":"ast-product-tabs-layout-horizontal","14":"first","15":"instock","16":"shipping-taxable","17":"product-type-simple"},"_links":{"self":[{"href":"https:\/\/mateja-online.pl\/sklep\/wp-json\/wp\/v2\/product\/3160","targetHints":{"allow":["GET"]}}],"collection":[{"href":"https:\/\/mateja-online.pl\/sklep\/wp-json\/wp\/v2\/product"}],"about":[{"href":"https:\/\/mateja-online.pl\/sklep\/wp-json\/wp\/v2\/types\/product"}],"version-history":[{"count":1,"href":"https:\/\/mateja-online.pl\/sklep\/wp-json\/wp\/v2\/product\/3160\/revisions"}],"predecessor-version":[{"id":3162,"href":"https:\/\/mateja-online.pl\/sklep\/wp-json\/wp\/v2\/product\/3160\/revisions\/3162"}],"wp:featuredmedia":[{"embeddable":true,"href":"https:\/\/mateja-online.pl\/sklep\/wp-json\/wp\/v2\/media\/3161"}],"wp:attachment":[{"href":"https:\/\/mateja-online.pl\/sklep\/wp-json\/wp\/v2\/media?parent=3160"}],"wp:term":[{"taxonomy":"product_brand","embeddable":true,"href":"https:\/\/mateja-online.pl\/sklep\/wp-json\/wp\/v2\/product_brand?post=3160"},{"taxonomy":"product_cat","embeddable":true,"href":"https:\/\/mateja-online.pl\/sklep\/wp-json\/wp\/v2\/product_cat?post=3160"},{"taxonomy":"product_tag","embeddable":true,"href":"https:\/\/mateja-online.pl\/sklep\/wp-json\/wp\/v2\/product_tag?post=3160"}],"curies":[{"name":"wp","href":"https:\/\/api.w.org\/{rel}","templated":true}]}}