{"id":3151,"date":"2021-08-19T09:45:47","date_gmt":"2021-08-19T09:45:47","guid":{"rendered":"http:\/\/mateja-online.pl\/sklep\/?post_type=product&#038;p=3151"},"modified":"2021-08-19T09:45:47","modified_gmt":"2021-08-19T09:45:47","slug":"wykretaki-do-zerwanych-srub","status":"publish","type":"product","link":"https:\/\/mateja-online.pl\/sklep\/produkt\/wykretaki-do-zerwanych-srub\/","title":{"rendered":"Wykr\u0119taki do zerwanych \u015brub"},"content":{"rendered":"<p>Profesjonalny zestaw do wykr\u0119cania zerwanych \u015brub. Dzi\u0119ki szerokiemu zakresowi rozmiar\u00f3w jest znakomitym narz\u0119dziem w ka\u017cdym warsztacie czy serwisie samochodowym. Zastosowany materia\u0142 GCR15 zapewnia wysoki komfort i skuteczno\u015b\u0107 u\u017cytkowania.<\/p>\n<h4>Zawarto\u015b\u0107 opakowania<\/h4>\n<p>&#8211; \u00d83-6mm x 52mm<br \/>\n&#8211; \u00d86-8mm x 58mm<br \/>\n&#8211; \u00d88-11mm x 66mm<br \/>\n&#8211; \u00d811-14mm x 75mm<br \/>\n&#8211; \u00d814-18mm x 80mm<br \/>\n&#8211; \u00d818-25mm x 88mm<\/p>\n<h4>Parametry<\/h4>\n<ul>\n<li>Opakowanie:\u00a0<strong>plastic box&amp;sliding card<\/strong><\/li>\n<li>Rozmiar [mm]:\u00a0<strong>3-25<\/strong><\/li>\n<li>Materia\u0142:\u00a0<strong>GCR15<\/strong><\/li>\n<li>D\u0142ugo\u015b\u0107 [mm]:\u00a0<strong>52-88<\/strong><\/li>\n<li>Ilo\u015b\u0107 element\u00f3w [szt.]:\u00a0<strong>6<\/strong><\/li>\n<\/ul>\n<p>&nbsp;<\/p>\n","protected":false},"excerpt":{"rendered":"<p>Profesjonalny zestaw do wykr\u0119cania zerwanych \u015brub. Dzi\u0119ki szerokiemu zakresowi rozmiar\u00f3w jest znakomitym narz\u0119dziem w ka\u017cdym warsztacie czy serwisie samochodowym. Zastosowany materia\u0142 GCR15 zapewnia wysoki komfort i skuteczno\u015b\u0107 u\u017cytkowania. Zawarto\u015b\u0107 opakowania &#8211; \u00d83-6mm x 52mm &#8211; \u00d86-8mm x 58mm &#8211; \u00d88-11mm x 66mm &#8211; \u00d811-14mm x 75mm &#8211; \u00d814-18mm x 80mm &#8211; \u00d818-25mm x 88mm Parametry &hellip;<\/p>\n<p class=\"read-more\"> <a class=\"\" href=\"https:\/\/mateja-online.pl\/sklep\/produkt\/wykretaki-do-zerwanych-srub\/\"> <span class=\"screen-reader-text\">Wykr\u0119taki do zerwanych \u015brub<\/span> Read More &raquo;<\/a><\/p>\n","protected":false},"featured_media":3152,"template":"","meta":[],"product_brand":[],"product_cat":[53],"product_tag":[],"class_list":{"0":"post-3151","1":"product","2":"type-product","3":"status-publish","4":"has-post-thumbnail","6":"product_cat-inne","7":"align-left","8":"box-shadow-0","9":"box-shadow-0-hover","10":"ast-product-gallery-layout-horizontal","11":"ast-product-gallery-with-no-image","12":"ast-product-tabs-layout-horizontal","14":"first","15":"instock","16":"shipping-taxable","17":"product-type-simple"},"_links":{"self":[{"href":"https:\/\/mateja-online.pl\/sklep\/wp-json\/wp\/v2\/product\/3151","targetHints":{"allow":["GET"]}}],"collection":[{"href":"https:\/\/mateja-online.pl\/sklep\/wp-json\/wp\/v2\/product"}],"about":[{"href":"https:\/\/mateja-online.pl\/sklep\/wp-json\/wp\/v2\/types\/product"}],"version-history":[{"count":1,"href":"https:\/\/mateja-online.pl\/sklep\/wp-json\/wp\/v2\/product\/3151\/revisions"}],"predecessor-version":[{"id":3153,"href":"https:\/\/mateja-online.pl\/sklep\/wp-json\/wp\/v2\/product\/3151\/revisions\/3153"}],"wp:featuredmedia":[{"embeddable":true,"href":"https:\/\/mateja-online.pl\/sklep\/wp-json\/wp\/v2\/media\/3152"}],"wp:attachment":[{"href":"https:\/\/mateja-online.pl\/sklep\/wp-json\/wp\/v2\/media?parent=3151"}],"wp:term":[{"taxonomy":"product_brand","embeddable":true,"href":"https:\/\/mateja-online.pl\/sklep\/wp-json\/wp\/v2\/product_brand?post=3151"},{"taxonomy":"product_cat","embeddable":true,"href":"https:\/\/mateja-online.pl\/sklep\/wp-json\/wp\/v2\/product_cat?post=3151"},{"taxonomy":"product_tag","embeddable":true,"href":"https:\/\/mateja-online.pl\/sklep\/wp-json\/wp\/v2\/product_tag?post=3151"}],"curies":[{"name":"wp","href":"https:\/\/api.w.org\/{rel}","templated":true}]}}